{"id":26,"date":"2026-04-13T06:28:13","date_gmt":"2026-04-13T06:28:13","guid":{"rendered":"https:\/\/www.editionsenchantees.fr\/?page_id=26"},"modified":"2026-04-13T12:00:09","modified_gmt":"2026-04-13T12:00:09","slug":"accueil","status":"publish","type":"page","link":"https:\/\/www.editionsenchantees.fr\/","title":{"rendered":"Accueil"},"content":{"rendered":"\t\t<div data-elementor-type=\"wp-page\" data-elementor-id=\"26\" class=\"elementor elementor-26\">\n\t\t\t\t<div class=\"elementor-element elementor-element-72a93d6 e-flex e-con-boxed e-con e-parent\" data-id=\"72a93d6\" data-element_type=\"container\" data-e-type=\"container\" data-settings=\"{&quot;background_background&quot;:&quot;classic&quot;}\">\n\t\t\t\t\t<div class=\"e-con-inner\">\n\t\t\t\t\t\t\t\n\t\t<img class=\"e-image-base e-13e188e-74630df\" \n\t\t\t\t\tdata-interaction-id=\"13e188e\" \n\t\t \n\t\t \n\t\t\t\t\t\t\t\t\tid=\"31\"\n\t\t\t\t\t\t\t\t\t\t\t\tsrc=\"https:\/\/www.editionsenchantees.fr\/wp-content\/uploads\/2026\/04\/Logo_v2_MASTER_rectangle.png\"\n\t\t\t\t\t\t\t\t\t\t\t\twidth=\"720\"\n\t\t\t\t\t\t\t\t\t\t\t\theight=\"288\"\n\t\t\t\t\t\t\t\t\t\t\t\tsrcset=\"https:\/\/www.editionsenchantees.fr\/wp-content\/uploads\/2026\/04\/Logo_v2_MASTER_rectangle.png 720w, https:\/\/www.editionsenchantees.fr\/wp-content\/uploads\/2026\/04\/Logo_v2_MASTER_rectangle-300x120.png 300w\"\n\t\t\t\t\t\t\t\t\t\t\t\talt=\"\"\n\t\t\t\t\t\t\/>\n\t\t\t\t\t\t\t\t\t<p class=\"e-7430638-fc32d0d e-paragraph-base\" data-interaction-id=\"7430638\"  >\n\t\t\t\t\t\t\t\tR\u00e9pertoire d'\u0153uvres vocales et sc\u00e9niques pour les enfants et les adolescents.<br><br>Contes musicaux \u2013 Com\u00e9dies musicales \u2013 Op\u00e9ras \u2013 Pi\u00e8ces de th\u00e9\u00e2tre \u2013 Chants <br><br>\u2014 OUVERTURE : AVRIL 2026 \u2014\n\t\t\t\t\t<\/p>\n\t\t\t\t\t\t\t\t<p class=\"e-65cba35-cbb2edb e-paragraph-base\" data-interaction-id=\"65cba35\"  >\n\t\t\t\t\t\t\t\tEn savoir plus sur notre catalogue\n\t\t\t\t\t<\/p>\n\t\t\t\t<div class=\"elementor-element elementor-element-d7c296f elementor-view-default elementor-widget elementor-widget-icon\" data-id=\"d7c296f\" data-element_type=\"widget\" data-e-type=\"widget\" data-widget_type=\"icon.default\">\n\t\t\t\t\t\t\t<div class=\"elementor-icon-wrapper\">\n\t\t\t<a class=\"elementor-icon\" href=\"mailto:editionsenchantees@gmail.com\">\n\t\t\t<svg aria-hidden=\"true\" class=\"e-font-icon-svg e-far-envelope\" viewBox=\"0 0 512 512\" xmlns=\"http:\/\/www.w3.org\/2000\/svg\"><path d=\"M464 64H48C21.49 64 0 85.49 0 112v288c0 26.51 21.49 48 48 48h416c26.51 0 48-21.49 48-48V112c0-26.51-21.49-48-48-48zm0 48v40.805c-22.422 18.259-58.168 46.651-134.587 106.49-16.841 13.247-50.201 45.072-73.413 44.701-23.208.375-56.579-31.459-73.413-44.701C106.18 199.465 70.425 171.067 48 152.805V112h416zM48 400V214.398c22.914 18.251 55.409 43.862 104.938 82.646 21.857 17.205 60.134 55.186 103.062 54.955 42.717.231 80.509-37.199 103.053-54.947 49.528-38.783 82.032-64.401 104.947-82.653V400H48z\"><\/path><\/svg>\t\t\t<\/a>\n\t\t<\/div>\n\t\t\t\t\t\t<\/div>\n\t\t\t\t\t<\/div>\n\t\t\t\t<\/div>\n\t\t\t\t<\/div>\n\t\t","protected":false},"excerpt":{"rendered":"<p>R\u00e9pertoire d&rsquo;\u0153uvres vocales et sc\u00e9niques pour les enfants et les adolescents. Contes musicaux \u2013 Com\u00e9dies musicales \u2013 Op\u00e9ras \u2013 Pi\u00e8ces [&hellip;]<\/p>\n","protected":false},"author":1,"featured_media":0,"parent":0,"menu_order":0,"comment_status":"closed","ping_status":"closed","template":"elementor_canvas","meta":{"site-sidebar-layout":"no-sidebar","site-content-layout":"","ast-site-content-layout":"full-width-container","site-content-style":"default","site-sidebar-style":"default","ast-global-header-display":"","ast-banner-title-visibility":"","ast-main-header-display":"","ast-hfb-above-header-display":"","ast-hfb-below-header-display":"","ast-hfb-mobile-header-display":"","site-post-title":"","ast-breadcrumbs-content":"","ast-featured-img":"disabled","footer-sml-layout":"","ast-disable-related-posts":"","theme-transparent-header-meta":"","adv-header-id-meta":"","stick-header-meta":"","header-above-stick-meta":"","header-main-stick-meta":"","header-below-stick-meta":"","astra-migrate-meta-layouts":"default","ast-page-background-enabled":"default","ast-page-background-meta":{"desktop":{"background-color":"var(--ast-global-color-5)","background-image":"","background-repeat":"repeat","background-position":"center center","background-size":"auto","background-attachment":"scroll","background-type":"","background-media":"","overlay-type":"","overlay-color":"","overlay-opacity":"","overlay-gradient":""},"tablet":{"background-color":"","background-image":"","background-repeat":"repeat","background-position":"center center","background-size":"auto","background-attachment":"scroll","background-type":"","background-media":"","overlay-type":"","overlay-color":"","overlay-opacity":"","overlay-gradient":""},"mobile":{"background-color":"","background-image":"","background-repeat":"repeat","background-position":"center center","background-size":"auto","background-attachment":"scroll","background-type":"","background-media":"","overlay-type":"","overlay-color":"","overlay-opacity":"","overlay-gradient":""}},"ast-content-background-meta":{"desktop":{"background-color":"var(--ast-global-color-4)","background-image":"","background-repeat":"repeat","background-position":"center center","background-size":"auto","background-attachment":"scroll","background-type":"","background-media":"","overlay-type":"","overlay-color":"","overlay-opacity":"","overlay-gradient":""},"tablet":{"background-color":"var(--ast-global-color-4)","background-image":"","background-repeat":"repeat","background-position":"center center","background-size":"auto","background-attachment":"scroll","background-type":"","background-media":"","overlay-type":"","overlay-color":"","overlay-opacity":"","overlay-gradient":""},"mobile":{"background-color":"var(--ast-global-color-4)","background-image":"","background-repeat":"repeat","background-position":"center center","background-size":"auto","background-attachment":"scroll","background-type":"","background-media":"","overlay-type":"","overlay-color":"","overlay-opacity":"","overlay-gradient":""}},"footnotes":""},"class_list":["post-26","page","type-page","status-publish","hentry"],"_links":{"self":[{"href":"https:\/\/www.editionsenchantees.fr\/index.php?rest_route=\/wp\/v2\/pages\/26","targetHints":{"allow":["GET"]}}],"collection":[{"href":"https:\/\/www.editionsenchantees.fr\/index.php?rest_route=\/wp\/v2\/pages"}],"about":[{"href":"https:\/\/www.editionsenchantees.fr\/index.php?rest_route=\/wp\/v2\/types\/page"}],"author":[{"embeddable":true,"href":"https:\/\/www.editionsenchantees.fr\/index.php?rest_route=\/wp\/v2\/users\/1"}],"replies":[{"embeddable":true,"href":"https:\/\/www.editionsenchantees.fr\/index.php?rest_route=%2Fwp%2Fv2%2Fcomments&post=26"}],"version-history":[{"count":10,"href":"https:\/\/www.editionsenchantees.fr\/index.php?rest_route=\/wp\/v2\/pages\/26\/revisions"}],"predecessor-version":[{"id":44,"href":"https:\/\/www.editionsenchantees.fr\/index.php?rest_route=\/wp\/v2\/pages\/26\/revisions\/44"}],"wp:attachment":[{"href":"https:\/\/www.editionsenchantees.fr\/index.php?rest_route=%2Fwp%2Fv2%2Fmedia&parent=26"}],"curies":[{"name":"wp","href":"https:\/\/api.w.org\/{rel}","templated":true}]}}